{"id":3740,"date":"2022-12-06T23:52:35","date_gmt":"2022-12-07T04:52:35","guid":{"rendered":"https:\/\/akibacanada.com\/?post_type=product&#038;p=3740"},"modified":"2023-03-13T22:23:29","modified_gmt":"2023-03-14T02:23:29","slug":"vinyl-wall-sticker-family-is-where-life-begins-and-love-never-ends-2","status":"publish","type":"product","link":"https:\/\/akibacanada.com\/en\/product\/vinyl-wall-sticker-family-is-where-life-begins-and-love-never-ends-2\/","title":{"rendered":"Vinyl wall sticker  FAMILY IS WHERE LIFE BEGINS AND LOVE NEVER ENDS"},"content":{"rendered":"<p>***Family love sticker, reminds you of the place your family holds in your life. the importance of family love.<br \/>\n***Beautiful on a wall or on a mirror, excellent decoration for your living room, dining room, kitchen, bedroom, bathroom etc.<br \/>\n***Instructions: Includes step-by-step instructions. Easy to stick and to remove. Easy to install on a door, painted wall or any smooth, flat, dry and dust-free surface.<br \/>\n***Material: Our stickers are made of high quality vinyl, non-toxic, waterproof and environmentally friendly, safe for walls and children.<br \/>\n***Waterproof and durable which is fully compliant with the standard.<br \/>\n***Removable sticker without sticky residue, but sometimes not reusable, will not damage the walls.<br \/>\n***Perfect for DIY projects, no water, no glue, no mess.<br \/>\n***Allows you to change your decor and have a unique style in a few minutes. A perfect gift for family members, friends, and<br \/>\n***Allows you to add inspirational words to your interior.<\/p>\n","protected":false},"excerpt":{"rendered":"<p>AKIBA-Autocollant- Inspirational wall stickers with quotes of love, motivation, inspiration for family, children, decoration for living room, bedroom or kitchen<\/p>\n<p>Vinyl wall decal FAMILY IS WHERE LIFE BEGINS AND LOVE NEVER ENDS for living room, dining room, bedroom, removable wall panel, interior decoration, 58 X 33 cm.<\/p>\n","protected":false},"featured_media":3816,"comment_status":"open","ping_status":"closed","template":"","meta":{"inline_featured_image":false},"product_brand":[],"product_cat":[285,304,287],"product_tag":[],"class_list":{"0":"post-3740","1":"product","2":"type-product","3":"status-publish","4":"has-post-thumbnail","6":"product_cat-decoration-en","7":"product_cat-family-en","8":"product_cat-wall-stickers-en","9":"description-off","11":"first","12":"instock","13":"taxable","14":"shipping-taxable","15":"purchasable","16":"product-type-simple"},"yoast_head":"<!-- This site is optimized with the Yoast SEO plugin v25.6 - https:\/\/yoast.com\/wordpress\/plugins\/seo\/ -->\n<title>Vinyl wall sticker FAMILY IS WHERE LIFE BEGINS AND LOVE NEVER ENDS - AKIBA CANADA<\/title>\n<meta name=\"robots\" content=\"index, follow, max-snippet:-1, max-image-preview:large, max-video-preview:-1\" \/>\n<link rel=\"canonical\" href=\"https:\/\/akibacanada.com\/en\/product\/vinyl-wall-sticker-family-is-where-life-begins-and-love-never-ends-2\/\" \/>\n<meta property=\"og:locale\" content=\"en_US\" \/>\n<meta property=\"og:type\" content=\"article\" \/>\n<meta property=\"og:title\" content=\"Vinyl wall sticker FAMILY IS WHERE LIFE BEGINS AND LOVE NEVER ENDS - AKIBA CANADA\" \/>\n<meta property=\"og:description\" content=\"AKIBA-Autocollant- Inspirational wall stickers with quotes of love, motivation, inspiration for family, children, decoration for living room, bedroom or kitchen  Vinyl wall decal FAMILY IS WHERE LIFE BEGINS AND LOVE NEVER ENDS for living room, dining room, bedroom, removable wall panel, interior decoration, 58 X 33 cm.\" \/>\n<meta property=\"og:url\" content=\"https:\/\/akibacanada.com\/en\/product\/vinyl-wall-sticker-family-is-where-life-begins-and-love-never-ends-2\/\" \/>\n<meta property=\"og:site_name\" content=\"AKIBA CANADA\" \/>\n<meta property=\"article:modified_time\" content=\"2023-03-14T02:23:29+00:00\" \/>\n<meta property=\"og:image\" content=\"https:\/\/akibacanada.com\/wp-content\/uploads\/2022\/12\/9-Familly-where-life-begins.webp\" \/>\n\t<meta property=\"og:image:width\" content=\"750\" \/>\n\t<meta property=\"og:image:height\" content=\"750\" \/>\n\t<meta property=\"og:image:type\" content=\"image\/webp\" \/>\n<meta name=\"twitter:card\" content=\"summary_large_image\" \/>\n<meta name=\"twitter:label1\" content=\"Est. reading time\" \/>\n\t<meta name=\"twitter:data1\" content=\"1 minute\" \/>\n<script type=\"application\/ld+json\" class=\"yoast-schema-graph\">{\"@context\":\"https:\/\/schema.org\",\"@graph\":[{\"@type\":\"WebPage\",\"@id\":\"https:\/\/akibacanada.com\/en\/product\/vinyl-wall-sticker-family-is-where-life-begins-and-love-never-ends-2\/\",\"url\":\"https:\/\/akibacanada.com\/en\/product\/vinyl-wall-sticker-family-is-where-life-begins-and-love-never-ends-2\/\",\"name\":\"Vinyl wall sticker FAMILY IS WHERE LIFE BEGINS AND LOVE NEVER ENDS - AKIBA CANADA\",\"isPartOf\":{\"@id\":\"https:\/\/akibacanada.com\/en\/#website\"},\"primaryImageOfPage\":{\"@id\":\"https:\/\/akibacanada.com\/en\/product\/vinyl-wall-sticker-family-is-where-life-begins-and-love-never-ends-2\/#primaryimage\"},\"image\":{\"@id\":\"https:\/\/akibacanada.com\/en\/product\/vinyl-wall-sticker-family-is-where-life-begins-and-love-never-ends-2\/#primaryimage\"},\"thumbnailUrl\":\"https:\/\/akibacanada.com\/wp-content\/uploads\/2022\/12\/9-Familly-where-life-begins.webp\",\"datePublished\":\"2022-12-07T04:52:35+00:00\",\"dateModified\":\"2023-03-14T02:23:29+00:00\",\"breadcrumb\":{\"@id\":\"https:\/\/akibacanada.com\/en\/product\/vinyl-wall-sticker-family-is-where-life-begins-and-love-never-ends-2\/#breadcrumb\"},\"inLanguage\":\"en-US\",\"potentialAction\":[{\"@type\":\"ReadAction\",\"target\":[\"https:\/\/akibacanada.com\/en\/product\/vinyl-wall-sticker-family-is-where-life-begins-and-love-never-ends-2\/\"]}]},{\"@type\":\"ImageObject\",\"inLanguage\":\"en-US\",\"@id\":\"https:\/\/akibacanada.com\/en\/product\/vinyl-wall-sticker-family-is-where-life-begins-and-love-never-ends-2\/#primaryimage\",\"url\":\"https:\/\/akibacanada.com\/wp-content\/uploads\/2022\/12\/9-Familly-where-life-begins.webp\",\"contentUrl\":\"https:\/\/akibacanada.com\/wp-content\/uploads\/2022\/12\/9-Familly-where-life-begins.webp\",\"width\":750,\"height\":750},{\"@type\":\"BreadcrumbList\",\"@id\":\"https:\/\/akibacanada.com\/en\/product\/vinyl-wall-sticker-family-is-where-life-begins-and-love-never-ends-2\/#breadcrumb\",\"itemListElement\":[{\"@type\":\"ListItem\",\"position\":1,\"name\":\"Accueil\",\"item\":\"https:\/\/akibacanada.com\/en\/home\/\"},{\"@type\":\"ListItem\",\"position\":2,\"name\":\"STORE\",\"item\":\"https:\/\/akibacanada.com\/en\/shop\/\"},{\"@type\":\"ListItem\",\"position\":3,\"name\":\"Vinyl wall sticker FAMILY IS WHERE LIFE BEGINS AND LOVE NEVER ENDS\"}]},{\"@type\":\"WebSite\",\"@id\":\"https:\/\/akibacanada.com\/en\/#website\",\"url\":\"https:\/\/akibacanada.com\/en\/\",\"name\":\"AKIBA CANADA\",\"description\":\"AKIBA Inc est une entreprise familiale, qui offre en ligne plusieurs gammes de produits de beaut\u00e9 et personnalis\u00e9s \u00e0 des prix incroyables\",\"publisher\":{\"@id\":\"https:\/\/akibacanada.com\/en\/#organization\"},\"potentialAction\":[{\"@type\":\"SearchAction\",\"target\":{\"@type\":\"EntryPoint\",\"urlTemplate\":\"https:\/\/akibacanada.com\/en\/?s={search_term_string}\"},\"query-input\":{\"@type\":\"PropertyValueSpecification\",\"valueRequired\":true,\"valueName\":\"search_term_string\"}}],\"inLanguage\":\"en-US\"},{\"@type\":\"Organization\",\"@id\":\"https:\/\/akibacanada.com\/en\/#organization\",\"name\":\"AKIBA CANADA\",\"url\":\"https:\/\/akibacanada.com\/en\/\",\"logo\":{\"@type\":\"ImageObject\",\"inLanguage\":\"en-US\",\"@id\":\"https:\/\/akibacanada.com\/en\/#\/schema\/logo\/image\/\",\"url\":\"https:\/\/akibacanada.com\/wp-content\/uploads\/2022\/06\/logo-akibacanada.png\",\"contentUrl\":\"https:\/\/akibacanada.com\/wp-content\/uploads\/2022\/06\/logo-akibacanada.png\",\"width\":400,\"height\":141,\"caption\":\"AKIBA CANADA\"},\"image\":{\"@id\":\"https:\/\/akibacanada.com\/en\/#\/schema\/logo\/image\/\"}}]}<\/script>\n<!-- \/ Yoast SEO plugin. -->","yoast_head_json":{"title":"Vinyl wall sticker FAMILY IS WHERE LIFE BEGINS AND LOVE NEVER ENDS - AKIBA CANADA","robots":{"index":"index","follow":"follow","max-snippet":"max-snippet:-1","max-image-preview":"max-image-preview:large","max-video-preview":"max-video-preview:-1"},"canonical":"https:\/\/akibacanada.com\/en\/product\/vinyl-wall-sticker-family-is-where-life-begins-and-love-never-ends-2\/","og_locale":"en_US","og_type":"article","og_title":"Vinyl wall sticker FAMILY IS WHERE LIFE BEGINS AND LOVE NEVER ENDS - AKIBA CANADA","og_description":"AKIBA-Autocollant- Inspirational wall stickers with quotes of love, motivation, inspiration for family, children, decoration for living room, bedroom or kitchen  Vinyl wall decal FAMILY IS WHERE LIFE BEGINS AND LOVE NEVER ENDS for living room, dining room, bedroom, removable wall panel, interior decoration, 58 X 33 cm.","og_url":"https:\/\/akibacanada.com\/en\/product\/vinyl-wall-sticker-family-is-where-life-begins-and-love-never-ends-2\/","og_site_name":"AKIBA CANADA","article_modified_time":"2023-03-14T02:23:29+00:00","og_image":[{"width":750,"height":750,"url":"https:\/\/akibacanada.com\/wp-content\/uploads\/2022\/12\/9-Familly-where-life-begins.webp","type":"image\/webp"}],"twitter_card":"summary_large_image","twitter_misc":{"Est. reading time":"1 minute"},"schema":{"@context":"https:\/\/schema.org","@graph":[{"@type":"WebPage","@id":"https:\/\/akibacanada.com\/en\/product\/vinyl-wall-sticker-family-is-where-life-begins-and-love-never-ends-2\/","url":"https:\/\/akibacanada.com\/en\/product\/vinyl-wall-sticker-family-is-where-life-begins-and-love-never-ends-2\/","name":"Vinyl wall sticker FAMILY IS WHERE LIFE BEGINS AND LOVE NEVER ENDS - AKIBA CANADA","isPartOf":{"@id":"https:\/\/akibacanada.com\/en\/#website"},"primaryImageOfPage":{"@id":"https:\/\/akibacanada.com\/en\/product\/vinyl-wall-sticker-family-is-where-life-begins-and-love-never-ends-2\/#primaryimage"},"image":{"@id":"https:\/\/akibacanada.com\/en\/product\/vinyl-wall-sticker-family-is-where-life-begins-and-love-never-ends-2\/#primaryimage"},"thumbnailUrl":"https:\/\/akibacanada.com\/wp-content\/uploads\/2022\/12\/9-Familly-where-life-begins.webp","datePublished":"2022-12-07T04:52:35+00:00","dateModified":"2023-03-14T02:23:29+00:00","breadcrumb":{"@id":"https:\/\/akibacanada.com\/en\/product\/vinyl-wall-sticker-family-is-where-life-begins-and-love-never-ends-2\/#breadcrumb"},"inLanguage":"en-US","potentialAction":[{"@type":"ReadAction","target":["https:\/\/akibacanada.com\/en\/product\/vinyl-wall-sticker-family-is-where-life-begins-and-love-never-ends-2\/"]}]},{"@type":"ImageObject","inLanguage":"en-US","@id":"https:\/\/akibacanada.com\/en\/product\/vinyl-wall-sticker-family-is-where-life-begins-and-love-never-ends-2\/#primaryimage","url":"https:\/\/akibacanada.com\/wp-content\/uploads\/2022\/12\/9-Familly-where-life-begins.webp","contentUrl":"https:\/\/akibacanada.com\/wp-content\/uploads\/2022\/12\/9-Familly-where-life-begins.webp","width":750,"height":750},{"@type":"BreadcrumbList","@id":"https:\/\/akibacanada.com\/en\/product\/vinyl-wall-sticker-family-is-where-life-begins-and-love-never-ends-2\/#breadcrumb","itemListElement":[{"@type":"ListItem","position":1,"name":"Accueil","item":"https:\/\/akibacanada.com\/en\/home\/"},{"@type":"ListItem","position":2,"name":"STORE","item":"https:\/\/akibacanada.com\/en\/shop\/"},{"@type":"ListItem","position":3,"name":"Vinyl wall sticker FAMILY IS WHERE LIFE BEGINS AND LOVE NEVER ENDS"}]},{"@type":"WebSite","@id":"https:\/\/akibacanada.com\/en\/#website","url":"https:\/\/akibacanada.com\/en\/","name":"AKIBA CANADA","description":"AKIBA Inc est une entreprise familiale, qui offre en ligne plusieurs gammes de produits de beaut\u00e9 et personnalis\u00e9s \u00e0 des prix incroyables","publisher":{"@id":"https:\/\/akibacanada.com\/en\/#organization"},"potentialAction":[{"@type":"SearchAction","target":{"@type":"EntryPoint","urlTemplate":"https:\/\/akibacanada.com\/en\/?s={search_term_string}"},"query-input":{"@type":"PropertyValueSpecification","valueRequired":true,"valueName":"search_term_string"}}],"inLanguage":"en-US"},{"@type":"Organization","@id":"https:\/\/akibacanada.com\/en\/#organization","name":"AKIBA CANADA","url":"https:\/\/akibacanada.com\/en\/","logo":{"@type":"ImageObject","inLanguage":"en-US","@id":"https:\/\/akibacanada.com\/en\/#\/schema\/logo\/image\/","url":"https:\/\/akibacanada.com\/wp-content\/uploads\/2022\/06\/logo-akibacanada.png","contentUrl":"https:\/\/akibacanada.com\/wp-content\/uploads\/2022\/06\/logo-akibacanada.png","width":400,"height":141,"caption":"AKIBA CANADA"},"image":{"@id":"https:\/\/akibacanada.com\/en\/#\/schema\/logo\/image\/"}}]}},"_links":{"self":[{"href":"https:\/\/akibacanada.com\/en\/wp-json\/wp\/v2\/product\/3740"}],"collection":[{"href":"https:\/\/akibacanada.com\/en\/wp-json\/wp\/v2\/product"}],"about":[{"href":"https:\/\/akibacanada.com\/en\/wp-json\/wp\/v2\/types\/product"}],"replies":[{"embeddable":true,"href":"https:\/\/akibacanada.com\/en\/wp-json\/wp\/v2\/comments?post=3740"}],"wp:featuredmedia":[{"embeddable":true,"href":"https:\/\/akibacanada.com\/en\/wp-json\/wp\/v2\/media\/3816"}],"wp:attachment":[{"href":"https:\/\/akibacanada.com\/en\/wp-json\/wp\/v2\/media?parent=3740"}],"wp:term":[{"taxonomy":"product_brand","embeddable":true,"href":"https:\/\/akibacanada.com\/en\/wp-json\/wp\/v2\/product_brand?post=3740"},{"taxonomy":"product_cat","embeddable":true,"href":"https:\/\/akibacanada.com\/en\/wp-json\/wp\/v2\/product_cat?post=3740"},{"taxonomy":"product_tag","embeddable":true,"href":"https:\/\/akibacanada.com\/en\/wp-json\/wp\/v2\/product_tag?post=3740"}],"curies":[{"name":"wp","href":"https:\/\/api.w.org\/{rel}","templated":true}]}}